{"id":85,"date":"2012-03-03T15:12:02","date_gmt":"2012-03-03T15:12:02","guid":{"rendered":"http:\/\/www.diptic.nl\/?page_id=85"},"modified":"2012-05-02T09:48:03","modified_gmt":"2012-05-02T09:48:03","slug":"legal-notice","status":"publish","type":"page","link":"https:\/\/www.diptic.nl\/es\/legal-notice\/","title":{"rendered":"Aviso legal"},"content":{"rendered":"<p>Denominaci\u00f3n : D\u00edptic Bureau for Cultural Projects<br \/>\nDomicilio : Kuiperstraat 1-06, 5041GN Tilburg (Pa\u00efsos Baixos)<br \/>\nBTW: NL 2197 30 997 B01<br \/>\ne-mail: diptic@diptic.nl<\/p>\n<p><strong>Objeto<\/strong><\/p>\n<p>El presente aviso e informaci\u00f3n legal regula el uso del servicio del portal de Internet www.diptic.nl, propiedad de D\u00edptic Bureau for Cultural Projects (en adelante, D\u00edptic) y que pone a disposici\u00f3n de los usuarios, cumpliendo con las obligaciones que dispone la legislaci\u00f3n vigente. <\/p>\n<p>La utilizaci\u00f3n del sitio web de D\u00edptic atribuye la condici\u00f3n de usuario e implica la aceptaci\u00f3n plena y sin reservas de todas y cada una de las disposiciones incluidas en este Aviso Legal, en el momento en que el usuario accede al sitio web. Si no acepta estas condiciones, se ruega que se abstenga de utilizar el sitio web de D\u00edptic.<\/p>\n<p><strong>Responsabilidad<\/strong><\/p>\n<p>D\u00edptic se exime de cualquier responsabildad por la posible informaci\u00f3n que pueda aparecer en su sitio web, si esta ha estado manipulada o introducida por un tercero ajeno a ella<\/p>\n<p>Tampoco asume ninguna responsabilidad por el contenido que pueda aparecer en sitios web a los que se haya redirigido desde el sitio web de D\u00edptic<\/p>\n<p>Si el usuario considera que existe alguna informaci\u00f3n o contenido, tanto en el sitio web de D\u00edptic como en algunos de sus enlaces a sitios externos, que pudiera contravenir la legislaci\u00f3n nacional o internacional, la moral o el orden p\u00fablico, se ruega su notificaci\u00f3n al administrador del sitio web para proceder a su retirada.<\/p>\n<p><strong>Propiedad intelectual e industrial<\/strong><\/p>\n<p>Los contenidos del sitio web de D\u00edptic est\u00e1n protegidos por la normativa de propiedad intelectual e industrial.<\/p>\n<p>La reproducci\u00f3n total o parcial, el uso, explotaci\u00f3n, distribuci\u00f3n o comercializaci\u00f3n est\u00e1 expresamente prohibida, a no ser que se haya obtenido autorizaci\u00f3n escrita por parte de D\u00edptic<\/p>\n<p><strong>Ley aplicable y jurisdicci\u00f3n<\/strong><\/p>\n<p>Las controversias que puedan aparecer en relaci\u00f3n al sitio web se regir\u00e1n por la legislaci\u00f3n de los Paises Bajos renunciando, las partes, a aquella que por su fuero pudiera corresponderle.<\/p>","protected":false},"excerpt":{"rendered":"<p>Denominaci\u00f3n : D\u00edptic Bureau for Cultural Projects Domicilio : Kuiperstraat 1-06, 5041GN Tilburg (Pa\u00efsos Baixos) BTW: NL 2197 30 997 B01 e-mail: diptic@diptic.nl Objeto El presente aviso e informaci\u00f3n legal regula el uso del servicio del portal de Internet www.diptic.nl, propiedad de D\u00edptic Bureau for Cultural Projects (en adelante, D\u00edptic) y que pone a disposici\u00f3n&#8230; <a style='font-weight:bold; color:#7C1E40;' href=\"https:\/\/www.diptic.nl\/es\/legal-notice\/\"> &rarr; Siga leyendo<\/a><\/p>\n","protected":false},"author":2,"featured_media":0,"parent":0,"menu_order":0,"comment_status":"open","ping_status":"open","template":"","meta":{"footnotes":""},"class_list":["post-85","page","type-page","status-publish","hentry"],"_links":{"self":[{"href":"https:\/\/www.diptic.nl\/es\/wp-json\/wp\/v2\/pages\/85","targetHints":{"allow":["GET"]}}],"collection":[{"href":"https:\/\/www.diptic.nl\/es\/wp-json\/wp\/v2\/pages"}],"about":[{"href":"https:\/\/www.diptic.nl\/es\/wp-json\/wp\/v2\/types\/page"}],"author":[{"embeddable":true,"href":"https:\/\/www.diptic.nl\/es\/wp-json\/wp\/v2\/users\/2"}],"replies":[{"embeddable":true,"href":"https:\/\/www.diptic.nl\/es\/wp-json\/wp\/v2\/comments?post=85"}],"version-history":[{"count":15,"href":"https:\/\/www.diptic.nl\/es\/wp-json\/wp\/v2\/pages\/85\/revisions"}],"predecessor-version":[{"id":329,"href":"https:\/\/www.diptic.nl\/es\/wp-json\/wp\/v2\/pages\/85\/revisions\/329"}],"wp:attachment":[{"href":"https:\/\/www.diptic.nl\/es\/wp-json\/wp\/v2\/media?parent=85"}],"curies":[{"name":"wp","href":"https:\/\/api.w.org\/{rel}","templated":true}]}}