{"id":35,"date":"2012-02-08T15:55:45","date_gmt":"2012-02-08T15:55:45","guid":{"rendered":"http:\/\/www.diptic.nl\/?page_id=35"},"modified":"2012-09-15T14:26:58","modified_gmt":"2012-09-15T14:26:58","slug":"events-2","status":"publish","type":"page","link":"https:\/\/www.diptic.nl\/es\/events-2\/","title":{"rendered":"Eventos"},"content":{"rendered":"<p>{tab=1} <img loading=\"lazy\" decoding=\"async\" class=\"alignright size-full wp-image-206\" title=\"\" src=\"http:\/\/www.diptic.nl\/wp-content\/uploads\/2012\/02\/event_kashba_3.jpg\" alt=\"Event Kashba 3\" width=\"320\" height=\"454\" srcset=\"https:\/\/www.diptic.nl\/wp-content\/uploads\/2012\/02\/event_kashba_3.jpg 541w, https:\/\/www.diptic.nl\/wp-content\/uploads\/2012\/02\/event_kashba_3-211x300.jpg 211w, https:\/\/www.diptic.nl\/wp-content\/uploads\/2012\/02\/event_kashba_3-400x567.jpg 400w\" sizes=\"auto, (max-width: 320px) 100vw, 320px\" \/><img loading=\"lazy\" decoding=\"async\" class=\"alignright size-full wp-image-204\" title=\"\" src=\"http:\/\/www.diptic.nl\/wp-content\/uploads\/2012\/02\/event_kashba_1.jpg\" alt=\"Event Kashba 1\" width=\"320\" height=\"214\" srcset=\"https:\/\/www.diptic.nl\/wp-content\/uploads\/2012\/02\/event_kashba_1.jpg 640w, https:\/\/www.diptic.nl\/wp-content\/uploads\/2012\/02\/event_kashba_1-300x200.jpg 300w, https:\/\/www.diptic.nl\/wp-content\/uploads\/2012\/02\/event_kashba_1-400x267.jpg 400w\" sizes=\"auto, (max-width: 320px) 100vw, 320px\" \/><img loading=\"lazy\" decoding=\"async\" class=\"alignright size-full wp-image-205\" title=\"\" src=\"http:\/\/www.diptic.nl\/wp-content\/uploads\/2012\/02\/event_kashba_2.jpg\" alt=\"Event Kashba 2\" width=\"320\" height=\"217\" srcset=\"https:\/\/www.diptic.nl\/wp-content\/uploads\/2012\/02\/event_kashba_2.jpg 640w, https:\/\/www.diptic.nl\/wp-content\/uploads\/2012\/02\/event_kashba_2-300x203.jpg 300w, https:\/\/www.diptic.nl\/wp-content\/uploads\/2012\/02\/event_kashba_2-400x271.jpg 400w\" sizes=\"auto, (max-width: 320px) 100vw, 320px\" \/><img loading=\"lazy\" decoding=\"async\" class=\"alignright size-full wp-image-203\" title=\"\" src=\"http:\/\/www.diptic.nl\/wp-content\/uploads\/2012\/02\/event_kashba_4.jpg\" alt=\"Event Kashba 4\" width=\"320\" height=\"222\" srcset=\"https:\/\/www.diptic.nl\/wp-content\/uploads\/2012\/02\/event_kashba_4.jpg 640w, https:\/\/www.diptic.nl\/wp-content\/uploads\/2012\/02\/event_kashba_4-300x208.jpg 300w, https:\/\/www.diptic.nl\/wp-content\/uploads\/2012\/02\/event_kashba_4-400x277.jpg 400w\" sizes=\"auto, (max-width: 320px) 100vw, 320px\" \/><iframe loading=\"lazy\" src=\"http:\/\/www.youtube.com\/embed\/yxJosPuGE4g?rel=0\" frameborder=\"0\" width=\"320\" height=\"192\"><\/iframe><\/p>\n<p><strong>T\u00edtulo<\/strong><br \/>\nTalk show <em>Kashba<\/em> <\/p>\n<p><em>Vuestras ideas <\/em><br \/>\nAcercar p\u00fablicos culturalmente diversos y estimular la integraci\u00f3n social de los participantes. <\/p>\n<p><em>Os ofrecemos <\/em><br \/>\nDise\u00f1o de contenidos, coordinaci\u00f3n y b\u00fasqueda de talentos para un talk show con m\u00fasica en directo, entrevistas, cocina y demostraciones. <\/p>\n<p><em>D\u00f3nde y cu\u00e1ndo <\/em><br \/>\nTilburg (NL) 12 programas en el club de jazz Paradox, 2009-2011 5 programas en Paradox y 1 programa en el Festival Mundial, 2012 1 programa para el D\u00eda Internacional de la Mujer, 2013 <\/p>\n<p><em>Cliente<\/em><br \/>\nFundaci\u00f3n Casa del mundo, Festival Mundial, D\u00eda Internacional de la Mujer <\/p>\n<p>{tab=2} <img loading=\"lazy\" decoding=\"async\" class=\"alignright size-full wp-image-208\" title=\"\" src=\"http:\/\/www.diptic.nl\/wp-content\/uploads\/2012\/02\/nh_stock_art.jpg\" alt=\"NH Stock Art\" width=\"320\" height=\"240\" srcset=\"https:\/\/www.diptic.nl\/wp-content\/uploads\/2012\/02\/nh_stock_art.jpg 320w, https:\/\/www.diptic.nl\/wp-content\/uploads\/2012\/02\/nh_stock_art-300x225.jpg 300w\" sizes=\"auto, (max-width: 320px) 100vw, 320px\" \/><\/p>\n<p><strong>T\u00edtulo<\/strong><br \/>\nExposici\u00f3n itinerante <em>NH Stock Art<\/em> <\/p>\n<p><em>Vuestras ideas <\/em><br \/>\nCompra de obra de artistas holandeses y alemanes para la colecci\u00f3n de arte de NH Hoteles que se exhibe en los nuevos hoteles de les Pa\u00edses Bajos y Alemania. <\/p>\n<p><em>Os ofrecemos <\/em><br \/>\nSelecci\u00f3n de artistas holandeses y alemanes, asesoramiento en la compra de obra, cr\u00edticos de arte para presentar la exposici\u00f3n itinerante en el cat\u00e1logo y en las inauguraciones. <\/p>\n<p><em>D\u00f3nde y cu\u00e1ndo <\/em><br \/>\nAmsterdam, Rotterdam y Maastricht, 2003 Frankfurt y Berl\u00edn, 2004 <\/p>\n<p><em>Cliente<\/em><br \/>\nNH Hoteles (Madrid, Barcelona) <\/p>\n<p>{tab=3} <img loading=\"lazy\" decoding=\"async\" class=\"alignright size-full wp-image-209\" title=\"\" src=\"http:\/\/www.diptic.nl\/wp-content\/uploads\/2012\/02\/llibre_or.jpg\" alt=\"Llibre d'Or\" width=\"320\" height=\"240\" srcset=\"https:\/\/www.diptic.nl\/wp-content\/uploads\/2012\/02\/llibre_or.jpg 320w, https:\/\/www.diptic.nl\/wp-content\/uploads\/2012\/02\/llibre_or-300x225.jpg 300w\" sizes=\"auto, (max-width: 320px) 100vw, 320px\" \/><\/p>\n<p><strong>T\u00edtulo<\/strong><br \/>\nExposici\u00f3n <em>El premio Letra de Oro. Un escaparate literario desde 1956<\/em> <\/p>\n<p><em>Vuestras ideas <\/em><br \/>\nExposici\u00f3n para conmemorar el 50a aniversario de la Letra de Oro, en la entrada de carruajes del Ateneo Barcelon\u00e9s. <\/p>\n<p><em>Os ofrecemos <\/em><br \/>\nComisariado, dise\u00f1o de contenidos, selecci\u00f3n de piezas, textos de exposici\u00f3n y del programa de mano, seguimiento del montaje. <\/p>\n<p><em>D\u00f3nde y cu\u00e1ndo <\/em><br \/>\nAteneo Barcelon\u00e9s, 2008 <\/p>\n<p><em>Cliente<\/em><br \/>\nInstituci\u00f3 de les Lletres Catalanes (Generalitat de Catalunya) <\/p>\n<p>{tab=4} <img loading=\"lazy\" decoding=\"async\" class=\"alignright size-full wp-image-216\" title=\"\" src=\"http:\/\/www.diptic.nl\/wp-content\/uploads\/2012\/02\/sopa_llibres_1.jpg\" alt=\"Sopa de llibres 1\" width=\"320\" height=\"240\" srcset=\"https:\/\/www.diptic.nl\/wp-content\/uploads\/2012\/02\/sopa_llibres_1.jpg 320w, https:\/\/www.diptic.nl\/wp-content\/uploads\/2012\/02\/sopa_llibres_1-300x225.jpg 300w\" sizes=\"auto, (max-width: 320px) 100vw, 320px\" \/><img loading=\"lazy\" decoding=\"async\" class=\"alignright size-full wp-image-217\" title=\"\" src=\"http:\/\/www.diptic.nl\/wp-content\/uploads\/2012\/02\/sopa_llibres_2.jpg\" alt=\"Sopa de llibres 2\" width=\"320\" height=\"240\" srcset=\"https:\/\/www.diptic.nl\/wp-content\/uploads\/2012\/02\/sopa_llibres_2.jpg 320w, https:\/\/www.diptic.nl\/wp-content\/uploads\/2012\/02\/sopa_llibres_2-300x225.jpg 300w\" sizes=\"auto, (max-width: 320px) 100vw, 320px\" \/><\/p>\n<p><strong>T\u00edtulo<\/strong><br \/>\nExposici\u00f3n itinerante <em>Sopa de Libros. Letras, escritura y textos<\/em> <\/p>\n<p><em>Vuestras ideas <\/em><br \/>\nUna exposici\u00f3n itinerante destinada a bibliotecas en el marco de 2005 Ano del Libro y la Lectura. <\/p>\n<p><em>Os ofrecemos <\/em><br \/>\nComisariado, dise\u00f1o de contenidos, selecci\u00f3n de piezas, textos de exposici\u00f3n y del programa de mano, seguimiento del montaje. <\/p>\n<p><em>D\u00f3nde y cu\u00e1ndo <\/em><br \/>\n13 bibliotecas en la provincia de Barcelona, 2005-2006 <\/p>\n<p><em>Cliente<\/em><br \/>\nDiputaci\u00f3n de Barcelona, \u00c1rea de Cultura <\/p>\n<p>{tab=5} <img loading=\"lazy\" decoding=\"async\" class=\"alignright size-full wp-image-220\" title=\"\" src=\"http:\/\/www.diptic.nl\/wp-content\/uploads\/2012\/02\/alfabet_1.jpg\" alt=\"The Traces of the Alphabet 1\" width=\"320\" height=\"216\" srcset=\"https:\/\/www.diptic.nl\/wp-content\/uploads\/2012\/02\/alfabet_1.jpg 900w, https:\/\/www.diptic.nl\/wp-content\/uploads\/2012\/02\/alfabet_1-300x202.jpg 300w, https:\/\/www.diptic.nl\/wp-content\/uploads\/2012\/02\/alfabet_1-400x269.jpg 400w\" sizes=\"auto, (max-width: 320px) 100vw, 320px\" \/><img loading=\"lazy\" decoding=\"async\" class=\"alignright size-full wp-image-219\" title=\"\" src=\"http:\/\/www.diptic.nl\/wp-content\/uploads\/2012\/02\/alfabet_2.jpg\" alt=\"The Traces of the Alphabet 2\" width=\"320\" height=\"216\" srcset=\"https:\/\/www.diptic.nl\/wp-content\/uploads\/2012\/02\/alfabet_2.jpg 900w, https:\/\/www.diptic.nl\/wp-content\/uploads\/2012\/02\/alfabet_2-300x202.jpg 300w, https:\/\/www.diptic.nl\/wp-content\/uploads\/2012\/02\/alfabet_2-400x269.jpg 400w\" sizes=\"auto, (max-width: 320px) 100vw, 320px\" \/><img loading=\"lazy\" decoding=\"async\" class=\"alignright size-full wp-image-221\" title=\"\" src=\"http:\/\/www.diptic.nl\/wp-content\/uploads\/2012\/02\/alfabet_3.jpg\" alt=\"The Traces of the Alphabet 3\" width=\"320\" height=\"216\" srcset=\"https:\/\/www.diptic.nl\/wp-content\/uploads\/2012\/02\/alfabet_3.jpg 900w, https:\/\/www.diptic.nl\/wp-content\/uploads\/2012\/02\/alfabet_3-300x202.jpg 300w, https:\/\/www.diptic.nl\/wp-content\/uploads\/2012\/02\/alfabet_3-400x269.jpg 400w\" sizes=\"auto, (max-width: 320px) 100vw, 320px\" \/><\/p>\n<p><strong>T\u00edtulo<\/strong><br \/>\nExposici\u00f3n itinerante <em>Los rastros del alfabeto. Escritura y arte <\/em> <\/p>\n<p><em>Vuestras ideas <\/em><br \/>\nExposici\u00f3n sobre el origen de las letras y de nuestro alfabeto, seg\u00fan la propuesta elaborada por el museo holand\u00e9s Scryption. Adaptaci\u00f3n del contenido al contexto hisp\u00e1nico. Posterior adaptaci\u00f3n al contexto hist\u00f3rico y art\u00edstico de las Baleares. <\/p>\n<p><em>Os ofrecemos <\/em><br \/>\nComisariado, dise\u00f1o de contenidos, b\u00fasqueda en museos arqueol\u00f3gicos, museos y galer\u00edas de arte en diversos pa\u00edses europeos, selecci\u00f3n de piezas, elaboraci\u00f3n del cat\u00e1logo, textos de exposici\u00f3n y del programa de mano, seguimiento del montaje. <\/p>\n<p><em>D\u00f3nde y cu\u00e1ndo <\/em><br \/>\nLleida, Tarragona, Girona y Granollers, 1997-1998 9 ciudades en las Baleares, 2001-2002 <\/p>\n<p><em>Cliente<\/em><br \/>\nFundaci\u00f3n \u201cla Caixa\u201d (Barcelona y Mallorca) <\/p>\n<p>{tab=6} <img loading=\"lazy\" decoding=\"async\" class=\"alignright size-full wp-image-262\" title=\"\" src=\"http:\/\/www.diptic.nl\/wp-content\/uploads\/2012\/02\/Bladerdeeg-vullen.jpeg\" alt=\"Bladerdeeg vullen\" width=\"320\" height=\"180\" srcset=\"https:\/\/www.diptic.nl\/wp-content\/uploads\/2012\/02\/Bladerdeeg-vullen.jpeg 320w, https:\/\/www.diptic.nl\/wp-content\/uploads\/2012\/02\/Bladerdeeg-vullen-300x168.jpg 300w\" sizes=\"auto, (max-width: 320px) 100vw, 320px\" \/><img loading=\"lazy\" decoding=\"async\" class=\"alignright size-full wp-image-263\" title=\"borden_bakkeljauw\" src=\"http:\/\/www.diptic.nl\/wp-content\/uploads\/2012\/02\/borden_bakkeljauw.jpg\" alt=\"borden bakkeljauw\" width=\"320\" height=\"180\" srcset=\"https:\/\/www.diptic.nl\/wp-content\/uploads\/2012\/02\/borden_bakkeljauw.jpg 320w, https:\/\/www.diptic.nl\/wp-content\/uploads\/2012\/02\/borden_bakkeljauw-300x168.jpg 300w\" sizes=\"auto, (max-width: 320px) 100vw, 320px\" \/><img loading=\"lazy\" decoding=\"async\" class=\"alignright size-full wp-image-264\" title=\"\" src=\"http:\/\/www.diptic.nl\/wp-content\/uploads\/2012\/02\/sate_maken2.jpg\" alt=\"Sate maken\" width=\"320\" height=\"180\" srcset=\"https:\/\/www.diptic.nl\/wp-content\/uploads\/2012\/02\/sate_maken2.jpg 320w, https:\/\/www.diptic.nl\/wp-content\/uploads\/2012\/02\/sate_maken2-300x168.jpg 300w\" sizes=\"auto, (max-width: 320px) 100vw, 320px\" \/><\/p>\n<p><strong>T\u00edtulo<\/strong><br \/>\nTaller de cocina <em>Kashba culinair<\/em> <\/p>\n<p><em>Vuestras ideas <\/em><br \/>\nActividades de socializaci\u00f3n y educaci\u00f3n permanente relacionadas con la cocina de comunidades locales culturalmente diversas. <\/p>\n<p><em>Os ofrecemos <\/em><br \/>\nDise\u00f1o de contenidos, coordinaci\u00f3n y b\u00fasqueda de talentos. <\/p>\n<p><em>D\u00f3nde y cu\u00e1ndo <\/em><br \/>\n6 talleres en el restaurante Blend y en el estudio De Culinaire Affaire, Tilburg (NL), 2011 <\/p>\n<p><em>Cliente<\/em><br \/>\nRestaurante Blend, Consejo de Acogida de Refugiados <\/p>\n<p>{tab=7} <img loading=\"lazy\" decoding=\"async\" class=\"alignright size-full wp-image-222\" title=\"\" src=\"http:\/\/www.diptic.nl\/wp-content\/uploads\/2012\/02\/boca_llena_1.jpg\" alt=\"Hablar con la boca llena 1\" width=\"320\" height=\"213\" srcset=\"https:\/\/www.diptic.nl\/wp-content\/uploads\/2012\/02\/boca_llena_1.jpg 320w, https:\/\/www.diptic.nl\/wp-content\/uploads\/2012\/02\/boca_llena_1-300x199.jpg 300w\" sizes=\"auto, (max-width: 320px) 100vw, 320px\" \/><img loading=\"lazy\" decoding=\"async\" class=\"alignright size-full wp-image-223\" title=\"\" src=\"http:\/\/www.diptic.nl\/wp-content\/uploads\/2012\/02\/boca_llena_2.jpg\" alt=\"Hablar con la boca llena 2\" width=\"320\" height=\"240\" srcset=\"https:\/\/www.diptic.nl\/wp-content\/uploads\/2012\/02\/boca_llena_2.jpg 320w, https:\/\/www.diptic.nl\/wp-content\/uploads\/2012\/02\/boca_llena_2-300x225.jpg 300w\" sizes=\"auto, (max-width: 320px) 100vw, 320px\" \/><\/p>\n<p><strong>T\u00edtulo<\/strong><br \/>\nIntercambio escolar <em>Hablar con la boca llena<\/em> <\/p>\n<p><em>Vuestras ideas <\/em><br \/>\nUna actividad infantil para promover la cultura espa\u00f1ola en los Pa\u00edses Bajos. <\/p>\n<p><em>Os ofrecemos <\/em><br \/>\nSelecci\u00f3n de socios de ambos pa\u00edses, coordinaci\u00f3n del proyecto, dise\u00f1o de contenidos para un intercambio f\u00edsico y virtual alrededor de los h\u00e1bitos alimenticios y el aprendizaje del espa\u00f1ol. <\/p>\n<p><em>D\u00f3nde y cu\u00e1ndo <\/em><br \/>\n2 escuelas de primaria en Tilburg y Matadepera, 2007 Instituto Cervantes en Utrecht (NL), 2008 <\/p>\n<p><em>Cliente<\/em><br \/>\nEmbajada espa\u00f1ola en La Haya, Diputaci\u00f3n de Barcelona, Instituto Cervantes <\/p>\n<p>{tab=8} <img loading=\"lazy\" decoding=\"async\" class=\"alignright size-full wp-image-224\" title=\"\" src=\"http:\/\/www.diptic.nl\/wp-content\/uploads\/2012\/02\/handen_1.jpg\" alt=\"Met handen en voeten 1\" width=\"320\" height=\"240\" srcset=\"https:\/\/www.diptic.nl\/wp-content\/uploads\/2012\/02\/handen_1.jpg 320w, https:\/\/www.diptic.nl\/wp-content\/uploads\/2012\/02\/handen_1-300x225.jpg 300w\" sizes=\"auto, (max-width: 320px) 100vw, 320px\" \/><img loading=\"lazy\" decoding=\"async\" class=\"alignright size-full wp-image-225\" title=\"\" src=\"http:\/\/www.diptic.nl\/wp-content\/uploads\/2012\/02\/handen_2.jpg\" alt=\"Met handen en voeten 2\" width=\"320\" height=\"240\" srcset=\"https:\/\/www.diptic.nl\/wp-content\/uploads\/2012\/02\/handen_2.jpg 320w, https:\/\/www.diptic.nl\/wp-content\/uploads\/2012\/02\/handen_2-300x225.jpg 300w\" sizes=\"auto, (max-width: 320px) 100vw, 320px\" \/><\/p>\n<p><strong>T\u00edtulo<\/strong><br \/>\nNarradores multiling\u00fces <em>Entenderse con gestos<\/em> <\/p>\n<p><em>Vuestras ideas <\/em><br \/>\nActividad complementaria a la exposici\u00f3n itinerante sobre la sala de estar de los inmigrantes. <\/p>\n<p><em>Os ofrecemos <\/em><br \/>\nDise\u00f1o de contenidos, gui\u00f3n para los narradores en \u00e1rabe, somal\u00ed, papiamento y neerland\u00e9s, coordinaci\u00f3n y b\u00fasqueda de narradores no profesionales. <\/p>\n<p><em>D\u00f3nde y cu\u00e1ndo <\/em><br \/>\nBiblioteca p\u00fablica de Tilburg, 2007 <\/p>\n<p><em>Cliente<\/em><br \/>\nBiblioteca p\u00fablica de Tilburg <\/p>\n<p>{tab=9} <img loading=\"lazy\" decoding=\"async\" class=\"alignright size-full wp-image-226\" title=\"\" src=\"http:\/\/www.diptic.nl\/wp-content\/uploads\/2012\/02\/tilburg_1.jpg\" alt=\"Elfstedentocht in Tilburg 1\" width=\"320\" height=\"240\" srcset=\"https:\/\/www.diptic.nl\/wp-content\/uploads\/2012\/02\/tilburg_1.jpg 320w, https:\/\/www.diptic.nl\/wp-content\/uploads\/2012\/02\/tilburg_1-300x225.jpg 300w\" sizes=\"auto, (max-width: 320px) 100vw, 320px\" \/><img loading=\"lazy\" decoding=\"async\" class=\"alignright size-full wp-image-227\" title=\"\" src=\"http:\/\/www.diptic.nl\/wp-content\/uploads\/2012\/02\/tilburg_2.jpg\" alt=\"Elfstedentocht in Tilburg 2\" width=\"320\" height=\"240\" srcset=\"https:\/\/www.diptic.nl\/wp-content\/uploads\/2012\/02\/tilburg_2.jpg 320w, https:\/\/www.diptic.nl\/wp-content\/uploads\/2012\/02\/tilburg_2-300x225.jpg 300w\" sizes=\"auto, (max-width: 320px) 100vw, 320px\" \/><img loading=\"lazy\" decoding=\"async\" class=\"alignright size-full wp-image-228\" title=\"\" src=\"http:\/\/www.diptic.nl\/wp-content\/uploads\/2012\/02\/tilburg_3.jpg\" alt=\"Elfstedentocht in Tilburg 3\" width=\"320\" height=\"213\" srcset=\"https:\/\/www.diptic.nl\/wp-content\/uploads\/2012\/02\/tilburg_3.jpg 320w, https:\/\/www.diptic.nl\/wp-content\/uploads\/2012\/02\/tilburg_3-300x199.jpg 300w\" sizes=\"auto, (max-width: 320px) 100vw, 320px\" \/><\/p>\n<p><strong>T\u00edtulo<\/strong><br \/>\nPaseada urbana <em>Elfstedentocht in Tilburg <\/em> <\/p>\n<p><em>Vuestras ideas <\/em><br \/>\nEstimular el contacto con las comunidades locales culturalmente diversas. <\/p>\n<p><em>Os ofrecemos <\/em><br \/>\nDise\u00f1o de contenidos, ruta con visitas a edificios p\u00fablicos y privados, coordinaci\u00f3n y b\u00fasqueda de participantes. <\/p>\n<p><em>D\u00f3nde y cu\u00e1ndo <\/em><br \/>\nDiversas paseadas en la ciudad de Tilburg (NL), 2007-2008 <\/p>\n<p><em>Cliente<\/em><br \/>\nConsejo de Acogida de Refugiados <\/p>\n<p>{tab=10} <img loading=\"lazy\" decoding=\"async\" class=\"alignright size-full wp-image-229\" title=\"\" src=\"http:\/\/www.diptic.nl\/wp-content\/uploads\/2012\/02\/medea_1.jpg\" alt=\"Mamma Medea 1\" width=\"320\" height=\"427\" srcset=\"https:\/\/www.diptic.nl\/wp-content\/uploads\/2012\/02\/medea_1.jpg 360w, https:\/\/www.diptic.nl\/wp-content\/uploads\/2012\/02\/medea_1-225x300.jpg 225w\" sizes=\"auto, (max-width: 320px) 100vw, 320px\" \/><img loading=\"lazy\" decoding=\"async\" class=\"alignright size-full wp-image-230\" title=\"\" src=\"http:\/\/www.diptic.nl\/wp-content\/uploads\/2012\/02\/medea_2.jpg\" alt=\"Mamma Medea 2\" width=\"320\" height=\"240\" srcset=\"https:\/\/www.diptic.nl\/wp-content\/uploads\/2012\/02\/medea_2.jpg 640w, https:\/\/www.diptic.nl\/wp-content\/uploads\/2012\/02\/medea_2-300x225.jpg 300w, https:\/\/www.diptic.nl\/wp-content\/uploads\/2012\/02\/medea_2-400x300.jpg 400w\" sizes=\"auto, (max-width: 320px) 100vw, 320px\" \/><\/p>\n<p><strong>T\u00edtulo<\/strong><br \/>\nProducci\u00f3n teatral de la obra <em>Mamma Medea<\/em> de Tom Lanoye <\/p>\n<p><em>Vuestras ideas <\/em><br \/>\nTraducci\u00f3n de la obra <\/p>\n<p><em>Os ofrecemos <\/em><br \/>\nTraducci\u00f3n catalana del original flamenco <\/p>\n<p><em>D\u00f3nde y cu\u00e1ndo <\/em><br \/>\nTeatro Romea, Barcelona, 2008-2009 <\/p>\n<p><em>Cliente<\/em><br \/>\nScenic Rights<br \/>\n{\/tabs}<\/p>","protected":false},"excerpt":{"rendered":"<p>{tab=1} T\u00edtulo Talk show Kashba Vuestras ideas Acercar p\u00fablicos culturalmente diversos y estimular la integraci\u00f3n social de los participantes. Os ofrecemos Dise\u00f1o de contenidos, coordinaci\u00f3n y b\u00fasqueda de talentos para un talk show con m\u00fasica en directo, entrevistas, cocina y demostraciones. D\u00f3nde y cu\u00e1ndo Tilburg (NL) 12 programas en el club de jazz Paradox, 2009-2011&#8230; <a style='font-weight:bold; color:#7C1E40;' href=\"https:\/\/www.diptic.nl\/es\/events-2\/\"> &rarr; Siga leyendo<\/a><\/p>\n","protected":false},"author":2,"featured_media":0,"parent":0,"menu_order":0,"comment_status":"open","ping_status":"closed","template":"","meta":{"footnotes":""},"class_list":["post-35","page","type-page","status-publish","hentry"],"_links":{"self":[{"href":"https:\/\/www.diptic.nl\/es\/wp-json\/wp\/v2\/pages\/35","targetHints":{"allow":["GET"]}}],"collection":[{"href":"https:\/\/www.diptic.nl\/es\/wp-json\/wp\/v2\/pages"}],"about":[{"href":"https:\/\/www.diptic.nl\/es\/wp-json\/wp\/v2\/types\/page"}],"author":[{"embeddable":true,"href":"https:\/\/www.diptic.nl\/es\/wp-json\/wp\/v2\/users\/2"}],"replies":[{"embeddable":true,"href":"https:\/\/www.diptic.nl\/es\/wp-json\/wp\/v2\/comments?post=35"}],"version-history":[{"count":57,"href":"https:\/\/www.diptic.nl\/es\/wp-json\/wp\/v2\/pages\/35\/revisions"}],"predecessor-version":[{"id":573,"href":"https:\/\/www.diptic.nl\/es\/wp-json\/wp\/v2\/pages\/35\/revisions\/573"}],"wp:attachment":[{"href":"https:\/\/www.diptic.nl\/es\/wp-json\/wp\/v2\/media?parent=35"}],"curies":[{"name":"wp","href":"https:\/\/api.w.org\/{rel}","templated":true}]}}