{"id":31,"date":"2012-02-08T15:55:04","date_gmt":"2012-02-08T15:55:04","guid":{"rendered":"http:\/\/www.diptic.nl\/?page_id=31"},"modified":"2012-04-08T17:39:23","modified_gmt":"2012-04-08T17:39:23","slug":"partners-2","status":"publish","type":"page","link":"https:\/\/www.diptic.nl\/es\/partners-2\/","title":{"rendered":"Socios locales e internacionales"},"content":{"rendered":"<p>Nuestro gabinete capitaliza la experiencia de 20 a\u00f1os en proyectos culturales realizados conjuntamente con organizaciones de distintos pa\u00edses.<\/p>\n<p>&nbsp;<\/p>\n<p><strong><em>Kashba <\/em><\/strong><\/p>\n<p>Talk show en Tilburg (NL), desde el 2009 hasta el presente<\/p>\n<p><img loading=\"lazy\" decoding=\"async\" src=\"http:\/\/www.diptic.nl\/wp-content\/uploads\/2012\/02\/kashba2_es.jpg\" alt=\"Kashba\" title=\"\" width=\"620\" height=\"130\" class=\"alignleft size-full wp-image-304\" srcset=\"https:\/\/www.diptic.nl\/wp-content\/uploads\/2012\/02\/kashba2_es.jpg 620w, https:\/\/www.diptic.nl\/wp-content\/uploads\/2012\/02\/kashba2_es-300x62.jpg 300w, https:\/\/www.diptic.nl\/wp-content\/uploads\/2012\/02\/kashba2_es-400x83.jpg 400w\" sizes=\"auto, (max-width: 620px) 100vw, 620px\" \/><\/p>\n<p><strong><em>Uit\/Thuis\/Eten. Artistas espa\u00f1oles en los Pa\u00edses Bajos<\/em><\/strong><\/p>\n<p>Exposici\u00f3n en La Haya, 2008<\/p>\n<p><img loading=\"lazy\" decoding=\"async\" src=\"http:\/\/www.diptic.nl\/wp-content\/uploads\/2012\/02\/uit_eten2_es.jpg\" alt=\"Uit \/ Thuis \/ Eten\" title=\"\" width=\"620\" height=\"130\" class=\"alignleft size-full wp-image-305\" srcset=\"https:\/\/www.diptic.nl\/wp-content\/uploads\/2012\/02\/uit_eten2_es.jpg 620w, https:\/\/www.diptic.nl\/wp-content\/uploads\/2012\/02\/uit_eten2_es-300x62.jpg 300w, https:\/\/www.diptic.nl\/wp-content\/uploads\/2012\/02\/uit_eten2_es-400x83.jpg 400w\" sizes=\"auto, (max-width: 620px) 100vw, 620px\" \/><\/p>\n<p><strong><em>NH Hoteles, Colecci\u00f3n de arte contempor\u00e1neo <\/em> <\/strong><\/p>\n<p>Exposici\u00f3n itinerante en los Pa\u00edses Bajos y Alemania, 2003-2004<\/p>\n<p><img loading=\"lazy\" decoding=\"async\" src=\"http:\/\/www.diptic.nl\/wp-content\/uploads\/2012\/02\/nh_hoteles2_es.jpg\" alt=\"NH Stock Art\" title=\"\" width=\"620\" height=\"130\" class=\"alignleft size-full wp-image-306\" srcset=\"https:\/\/www.diptic.nl\/wp-content\/uploads\/2012\/02\/nh_hoteles2_es.jpg 620w, https:\/\/www.diptic.nl\/wp-content\/uploads\/2012\/02\/nh_hoteles2_es-300x62.jpg 300w, https:\/\/www.diptic.nl\/wp-content\/uploads\/2012\/02\/nh_hoteles2_es-400x83.jpg 400w\" sizes=\"auto, (max-width: 620px) 100vw, 620px\" \/><\/p>","protected":false},"excerpt":{"rendered":"<p>Nuestro gabinete capitaliza la experiencia de 20 a\u00f1os en proyectos culturales realizados conjuntamente con organizaciones de distintos pa\u00edses. &nbsp; Kashba Talk show en Tilburg (NL), desde el 2009 hasta el presente Uit\/Thuis\/Eten. Artistas espa\u00f1oles en los Pa\u00edses Bajos Exposici\u00f3n en La Haya, 2008 NH Hoteles, Colecci\u00f3n de arte contempor\u00e1neo Exposici\u00f3n itinerante en los Pa\u00edses Bajos&#8230; <a style='font-weight:bold; color:#7C1E40;' href=\"https:\/\/www.diptic.nl\/es\/partners-2\/\"> &rarr; Siga leyendo<\/a><\/p>\n","protected":false},"author":2,"featured_media":0,"parent":0,"menu_order":0,"comment_status":"open","ping_status":"closed","template":"","meta":{"footnotes":""},"class_list":["post-31","page","type-page","status-publish","hentry"],"_links":{"self":[{"href":"https:\/\/www.diptic.nl\/es\/wp-json\/wp\/v2\/pages\/31","targetHints":{"allow":["GET"]}}],"collection":[{"href":"https:\/\/www.diptic.nl\/es\/wp-json\/wp\/v2\/pages"}],"about":[{"href":"https:\/\/www.diptic.nl\/es\/wp-json\/wp\/v2\/types\/page"}],"author":[{"embeddable":true,"href":"https:\/\/www.diptic.nl\/es\/wp-json\/wp\/v2\/users\/2"}],"replies":[{"embeddable":true,"href":"https:\/\/www.diptic.nl\/es\/wp-json\/wp\/v2\/comments?post=31"}],"version-history":[{"count":31,"href":"https:\/\/www.diptic.nl\/es\/wp-json\/wp\/v2\/pages\/31\/revisions"}],"predecessor-version":[{"id":389,"href":"https:\/\/www.diptic.nl\/es\/wp-json\/wp\/v2\/pages\/31\/revisions\/389"}],"wp:attachment":[{"href":"https:\/\/www.diptic.nl\/es\/wp-json\/wp\/v2\/media?parent=31"}],"curies":[{"name":"wp","href":"https:\/\/api.w.org\/{rel}","templated":true}]}}