{"id":27,"date":"2012-02-08T15:54:14","date_gmt":"2012-02-08T15:54:14","guid":{"rendered":"http:\/\/www.diptic.nl\/?page_id=27"},"modified":"2013-07-14T11:05:09","modified_gmt":"2013-07-14T11:05:09","slug":"your-ideas-2","status":"publish","type":"page","link":"https:\/\/www.diptic.nl\/es\/your-ideas-2\/","title":{"rendered":"Vuestras ideas"},"content":{"rendered":"<p><\/p>\n<blockquote><p>\u201cEl 2011 propuse a Ferran que se incorporase a nuestro equipo como gestor cultural. \u00c9l mismo se fij\u00f3 los objetivos: \u2018estimular miembros de comunidades locales a participar en eventos en los que se puedan reconocer tanto los actores como los p\u00fablicos culturalmente diversos. Ferran trabaja a gusto con nosotros. Es una persona creativa y cr\u00edtica, dispuesta a colaborar. Siempre busca la forma de mejorar.\u201d<\/p><\/blockquote>\n<p><span class=\"alignright\">J\u00fcrgen Jansen, director Huis van de Wereld (NL)<\/span><br \/>\n&nbsp;<\/p>\n<blockquote><p>\u201cBusc\u00e1bamos un director de proyectos que se hiciera cargo del nuevo programa de actividades sociales <em>Meet &amp; (Gr)eat<\/em>. Se trata de un programa con un presupuesto de \u20ac 200.000 que el 2009-2010 financiamos con fondos europeos y provinciales. Ferran codirigi\u00f3 el proyecto desde sus inicios. Nos sorprendi\u00f3 la creatividad con que desarroll\u00f3 y organiz\u00f3 las actividades, siempre dentro de las posibilidades presupuestarias. El \u00e9xito del programa nos ha permitido continuar otro a\u00f1o, ahora bajo el nombre de <em>Third Space<\/em>, con financiaci\u00f3n provincial y municipal\u201d.<\/p><\/blockquote>\n<p><span class=\"alignright\">Marieke Sarton, senior policy manager SNV Brabant Centraal (NL) <\/span><br \/>\n&nbsp;<\/p>\n<blockquote><p>\u201cEl 2007 quer\u00edamos celebrar el 50 aniversario del premio <em>Lletra d\u2019Or<\/em>. Con un presupuesto modesto encargamos a D\u00edptic una exposici\u00f3n para un espacio semip\u00fablico, la entrada de carruajes del Ateneu Barcelon\u00e8s. Ferran nos present\u00f3 una propuesta inspirada en los escaparates de las librer\u00edas que hay cerca del ateneo. Los transe\u00fantes que iban de compras y los usuarios de los Servicios del Ateneu se encontraban con el escaparate de una nueva librer\u00eda en la entrada de este palacio del siglo XVIII. Recuerdo especialmente el programa de mano de la exposici\u00f3n, pensado para poder forrar un libro de bolsillo.\u201c<\/p><\/blockquote>\n<p><span class=\"alignright\">Enric Gom\u00e0, escritor y guionista, secretario del jurado <\/span><br \/>\n&nbsp;<\/p>\n<blockquote><p>\u201cEn nuestros parques naturales hay productores agr\u00edcolas y restaurantes a d\u00f3nde llevamos a los escolares cuando tratamos la dieta y la cocina con productos locales sanos. Hablando con D\u00edptic nos dimos cuenta de que el programa <em>El parque en la mesa<\/em> se pod\u00eda extrapolar a los h\u00e1bitos alimenticios de otros pa\u00edses. El 2007 D\u00edptic nos present\u00f3 a sus contactos holandeses y, con el soporte de la embajada espa\u00f1ola en La Haya, coordin\u00f3 el intercambio entre una escuela ubicada en el parque natural de Sant Lloren\u00e7 y una escuela del Brabante holand\u00e9s. El proyecto, bautizado con el t\u00edtulo <em>Hablar con la boca llena<\/em>, adquiri\u00f3 una nueva dimensi\u00f3n al combinar los h\u00e1bitos alimenticios con el aprendizaje del espa\u00f1ol. Alumnos y maestros de las dos escuelas trabajaron duro para llegar a la video-conferencia final. Todo el mundo qued\u00f3 muy satisfecho del nivel de espa\u00f1ol que, en un par de meses, alcanzaron les amigos holandeses.\u201d<\/p><\/blockquote>\n<p><span class=\"alignright\">Ramon Espinach, jefe oficina t\u00e9cnica Parques Naturales, Diputaci\u00f3n de Barcelona<\/span><br \/>\n&nbsp;<\/p>\n<blockquote><p>\u201cEl a\u00f1o 1996 Ferran me habl\u00f3 de una exposici\u00f3n sobre el origen de la escritura y la historia de nuestro alfabeto producida por el museo holand\u00e9s Scryption. El titulo nos encant\u00f3: <em>La A es una vaca (cabeza abajo)<\/em>, aunque luego lo cambiamos por <em>Los rastros del alfabeto. Escritura y arte.<\/em> Ferran y el director del museo holand\u00e9s fueron los comisarios de la nueva exposici\u00f3n y adaptaron el contenido al contexto hisp\u00e1nico. La investigaci\u00f3n en museos arqueol\u00f3gicos, museos de arte, galer\u00edas y colecciones particulares nos llev\u00f3 por distintos pa\u00edses de Europa.\u201d<\/p><\/blockquote>\n<p><span class=\"alignright\">Merc\u00e8 Freixenet, directora Caixaforum Lleida <\/span><\/p>","protected":false},"excerpt":{"rendered":"<p>\u201cEl 2011 propuse a Ferran que se incorporase a nuestro equipo como gestor cultural. \u00c9l mismo se fij\u00f3 los objetivos: \u2018estimular miembros de comunidades locales a participar en eventos en los que se puedan reconocer tanto los actores como los p\u00fablicos culturalmente diversos. Ferran trabaja a gusto con nosotros. Es una persona creativa y cr\u00edtica,&#8230; <a style='font-weight:bold; color:#7C1E40;' href=\"https:\/\/www.diptic.nl\/es\/your-ideas-2\/\"> &rarr; Siga leyendo<\/a><\/p>\n","protected":false},"author":2,"featured_media":0,"parent":0,"menu_order":0,"comment_status":"open","ping_status":"closed","template":"","meta":{"footnotes":""},"class_list":["post-27","page","type-page","status-publish","hentry"],"_links":{"self":[{"href":"https:\/\/www.diptic.nl\/es\/wp-json\/wp\/v2\/pages\/27","targetHints":{"allow":["GET"]}}],"collection":[{"href":"https:\/\/www.diptic.nl\/es\/wp-json\/wp\/v2\/pages"}],"about":[{"href":"https:\/\/www.diptic.nl\/es\/wp-json\/wp\/v2\/types\/page"}],"author":[{"embeddable":true,"href":"https:\/\/www.diptic.nl\/es\/wp-json\/wp\/v2\/users\/2"}],"replies":[{"embeddable":true,"href":"https:\/\/www.diptic.nl\/es\/wp-json\/wp\/v2\/comments?post=27"}],"version-history":[{"count":39,"href":"https:\/\/www.diptic.nl\/es\/wp-json\/wp\/v2\/pages\/27\/revisions"}],"predecessor-version":[{"id":40,"href":"https:\/\/www.diptic.nl\/es\/wp-json\/wp\/v2\/pages\/27\/revisions\/40"}],"wp:attachment":[{"href":"https:\/\/www.diptic.nl\/es\/wp-json\/wp\/v2\/media?parent=27"}],"curies":[{"name":"wp","href":"https:\/\/api.w.org\/{rel}","templated":true}]}}