{"id":85,"date":"2012-03-03T15:12:02","date_gmt":"2012-03-03T15:12:02","guid":{"rendered":"http:\/\/www.diptic.nl\/?page_id=85"},"modified":"2012-05-02T09:48:03","modified_gmt":"2012-05-02T09:48:03","slug":"legal-notice","status":"publish","type":"page","link":"https:\/\/www.diptic.nl\/ca\/legal-notice\/","title":{"rendered":"Av\u00eds legal"},"content":{"rendered":"<p>Denominaci\u00f3 : D\u00edptic Bureau for Cultural Projects<br \/>\nDomicili : Kuiperstraat 1-06, 5041GN Tilburg (Pa\u00efsos Baixos)<br \/>\nBTW: NL 2197 30 997 B01<br \/>\ne-mail: diptic@diptic.nl<br \/>\n\u00a0<br \/>\n<strong>Objecte<\/strong><\/p>\n<p>El present av\u00eds i informaci\u00f3 legal regula l\u2019\u00fas del servei del portal d\u2019Internet www.diptic.nl, propietat de D\u00edptic Bureau for Cultural Projects (en endavant, D\u00edptic) i que posa a disposici\u00f3 dels usuaris, complint amb les obligacions que disposa la legislaci\u00f3 vigent.<\/p>\n<p>La utilitzaci\u00f3 del lloc web de D\u00edptic atribueix la condici\u00f3 d\u2019usuari i implica l\u2019acceptaci\u00f3 plena i sense reserves de totes i cadascuna de les disposicions incloses en aquest Av\u00eds Legal, en el moment en qu\u00e8 l\u2019usuari accedeix al lloc web. Si no accepta aquestes condicions, preguem que s\u2019abstingui d\u2019utilitzar el lloc web de D\u00edptic.<br \/>\n\u00a0<br \/>\n<strong>Responsabilitat<\/strong><\/p>\n<p>D\u00edptic s\u2019eximeix de qualsevol responsabilitat per la possible informaci\u00f3 que pugui apar\u00e8ixer en el seu lloc web, si aquesta ha estat manipulada o introdu\u00efda per un tercer ali\u00e8 a ella.<\/p>\n<p>Tampoc assumeix cap responsabilitat pel contingut que pugui apar\u00e8ixer en llocs web als quals s\u2019hagi redirigit des del lloc web de D\u00edptic.<\/p>\n<p>Si l\u2019usuari considera que existeix alguna informaci\u00f3 o contingut, tant en el lloc web de D\u00edptic com en algun dels seus enlla\u00e7os a llocs externs, que pogu\u00e9s contravenir la legislaci\u00f3 nacional o internacional, la moral o l\u2019ordre p\u00fablic, es prega la seva notificaci\u00f3 a l\u2019administrador del lloc web per procedir a la seva retirada.<br \/>\n\u00a0<br \/>\n<strong>Propietat intel\u00b7lectual i industrial<\/strong><\/p>\n<p>Els continguts del lloc web de D\u00edptic estan protegits per la normativa de propietat intel\u00b7lectual i industrial. <\/p>\n<p>La reproducci\u00f3 total o parcial, l\u2019\u00fas, explotaci\u00f3, distribuci\u00f3 o comercialitzaci\u00f3 est\u00e0 expressament prohibida, a no ser que s\u2019hagi obtingut autoritzaci\u00f3 escrita per part de D\u00edptic.<br \/>\n\u00a0<br \/>\n<strong>Llei aplicable i jurisdicci\u00f3<\/strong><\/p>\n<p>Les controv\u00e8rsies que puguin apar\u00e8ixer en relaci\u00f3 al lloc web es regiran per la legislaci\u00f3 dels Pa\u00efsos Baixos renunciant, les parts, a aquella que pel seu fur els hi pogu\u00e9s correspondre. <\/p>","protected":false},"excerpt":{"rendered":"<p>Denominaci\u00f3 : D\u00edptic Bureau for Cultural Projects Domicili : Kuiperstraat 1-06, 5041GN Tilburg (Pa\u00efsos Baixos) BTW: NL 2197 30 997 B01 e-mail: diptic@diptic.nl \u00a0 Objecte El present av\u00eds i informaci\u00f3 legal regula l\u2019\u00fas del servei del portal d\u2019Internet www.diptic.nl, propietat de D\u00edptic Bureau for Cultural Projects (en endavant, D\u00edptic) i que posa a disposici\u00f3 dels&#8230; <a style='font-weight:bold; color:#7C1E40;' href=\"https:\/\/www.diptic.nl\/ca\/legal-notice\/\"> &rarr; Continueu llegint<\/a><\/p>\n","protected":false},"author":2,"featured_media":0,"parent":0,"menu_order":0,"comment_status":"open","ping_status":"open","template":"","meta":{"footnotes":""},"class_list":["post-85","page","type-page","status-publish","hentry"],"_links":{"self":[{"href":"https:\/\/www.diptic.nl\/ca\/wp-json\/wp\/v2\/pages\/85","targetHints":{"allow":["GET"]}}],"collection":[{"href":"https:\/\/www.diptic.nl\/ca\/wp-json\/wp\/v2\/pages"}],"about":[{"href":"https:\/\/www.diptic.nl\/ca\/wp-json\/wp\/v2\/types\/page"}],"author":[{"embeddable":true,"href":"https:\/\/www.diptic.nl\/ca\/wp-json\/wp\/v2\/users\/2"}],"replies":[{"embeddable":true,"href":"https:\/\/www.diptic.nl\/ca\/wp-json\/wp\/v2\/comments?post=85"}],"version-history":[{"count":15,"href":"https:\/\/www.diptic.nl\/ca\/wp-json\/wp\/v2\/pages\/85\/revisions"}],"predecessor-version":[{"id":329,"href":"https:\/\/www.diptic.nl\/ca\/wp-json\/wp\/v2\/pages\/85\/revisions\/329"}],"wp:attachment":[{"href":"https:\/\/www.diptic.nl\/ca\/wp-json\/wp\/v2\/media?parent=85"}],"curies":[{"name":"wp","href":"https:\/\/api.w.org\/{rel}","templated":true}]}}