{"id":35,"date":"2012-02-08T15:55:45","date_gmt":"2012-02-08T15:55:45","guid":{"rendered":"http:\/\/www.diptic.nl\/?page_id=35"},"modified":"2012-09-15T14:26:58","modified_gmt":"2012-09-15T14:26:58","slug":"events-2","status":"publish","type":"page","link":"https:\/\/www.diptic.nl\/ca\/events-2\/","title":{"rendered":"Esdeveniments"},"content":{"rendered":"<p>{tab=1} <img loading=\"lazy\" decoding=\"async\" class=\"alignright size-full wp-image-206\" title=\"\" src=\"http:\/\/www.diptic.nl\/wp-content\/uploads\/2012\/02\/event_kashba_3.jpg\" alt=\"Event Kashba 3\" width=\"320\" height=\"454\" srcset=\"https:\/\/www.diptic.nl\/wp-content\/uploads\/2012\/02\/event_kashba_3.jpg 541w, https:\/\/www.diptic.nl\/wp-content\/uploads\/2012\/02\/event_kashba_3-211x300.jpg 211w, https:\/\/www.diptic.nl\/wp-content\/uploads\/2012\/02\/event_kashba_3-400x567.jpg 400w\" sizes=\"auto, (max-width: 320px) 100vw, 320px\" \/><img loading=\"lazy\" decoding=\"async\" class=\"alignright size-full wp-image-204\" title=\"\" src=\"http:\/\/www.diptic.nl\/wp-content\/uploads\/2012\/02\/event_kashba_1.jpg\" alt=\"Event Kashba 1\" width=\"320\" height=\"214\" srcset=\"https:\/\/www.diptic.nl\/wp-content\/uploads\/2012\/02\/event_kashba_1.jpg 640w, https:\/\/www.diptic.nl\/wp-content\/uploads\/2012\/02\/event_kashba_1-300x200.jpg 300w, https:\/\/www.diptic.nl\/wp-content\/uploads\/2012\/02\/event_kashba_1-400x267.jpg 400w\" sizes=\"auto, (max-width: 320px) 100vw, 320px\" \/><img loading=\"lazy\" decoding=\"async\" class=\"alignright size-full wp-image-205\" title=\"\" src=\"http:\/\/www.diptic.nl\/wp-content\/uploads\/2012\/02\/event_kashba_2.jpg\" alt=\"Event Kashba 2\" width=\"320\" height=\"217\" srcset=\"https:\/\/www.diptic.nl\/wp-content\/uploads\/2012\/02\/event_kashba_2.jpg 640w, https:\/\/www.diptic.nl\/wp-content\/uploads\/2012\/02\/event_kashba_2-300x203.jpg 300w, https:\/\/www.diptic.nl\/wp-content\/uploads\/2012\/02\/event_kashba_2-400x271.jpg 400w\" sizes=\"auto, (max-width: 320px) 100vw, 320px\" \/><img loading=\"lazy\" decoding=\"async\" class=\"alignright size-full wp-image-203\" title=\"\" src=\"http:\/\/www.diptic.nl\/wp-content\/uploads\/2012\/02\/event_kashba_4.jpg\" alt=\"Event Kashba 4\" width=\"320\" height=\"222\" srcset=\"https:\/\/www.diptic.nl\/wp-content\/uploads\/2012\/02\/event_kashba_4.jpg 640w, https:\/\/www.diptic.nl\/wp-content\/uploads\/2012\/02\/event_kashba_4-300x208.jpg 300w, https:\/\/www.diptic.nl\/wp-content\/uploads\/2012\/02\/event_kashba_4-400x277.jpg 400w\" sizes=\"auto, (max-width: 320px) 100vw, 320px\" \/><iframe loading=\"lazy\" src=\"http:\/\/www.youtube.com\/embed\/yxJosPuGE4g?rel=0\" frameborder=\"0\" width=\"320\" height=\"192\"><\/iframe><\/p>\n<p><strong>Titol<\/strong><br \/>\nTalk show <em>Kashba<\/em> <\/p>\n<p><em>Les vostres idees <\/em><br \/>\nAcostar p\u00fablics culturalment diversos i estimular la integraci\u00f3 social dels participants. <\/p>\n<p><em>Us oferim <\/em><br \/>\nDisseny de continguts, coordinaci\u00f3 i recerca de talents per a un talk show amb m\u00fasica en directe, entrevistes, cuina i demostracions. <\/p>\n<p><em>On i quan <\/em><br \/>\nTilburg (NL) 12 programes al club de jazz Paradox, 2009-2011 5 programes a Paradox i 1 programa al Festival Mundial, 2012 1 programa pel Dia Internacional de la Dona, 2013 <\/p>\n<p><em>Client<\/em><br \/>\nFundaci\u00f3 Casa del m\u00f3n, Festival Mundial, Dia Internacional de la Dona <\/p>\n<p>{tab=2} <img loading=\"lazy\" decoding=\"async\" class=\"alignright size-full wp-image-209\" title=\"\" src=\"http:\/\/www.diptic.nl\/wp-content\/uploads\/2012\/02\/llibre_or.jpg\" alt=\"Llibre d'Or\" width=\"320\" height=\"240\" srcset=\"https:\/\/www.diptic.nl\/wp-content\/uploads\/2012\/02\/llibre_or.jpg 320w, https:\/\/www.diptic.nl\/wp-content\/uploads\/2012\/02\/llibre_or-300x225.jpg 300w\" sizes=\"auto, (max-width: 320px) 100vw, 320px\" \/><\/p>\n<p><strong>Titol<\/strong><br \/>\nExposici\u00f3 <em>El premi Lletra d\u2019Or. Un aparador literari des del 1956<\/em> <\/p>\n<p><em>Les vostres idees <\/em><br \/>\nExposici\u00f3 per commemorar el 50\u00e8 aniversari de la Lletra d\u2019Or, a l\u2019entrada de carruatges de l\u2019Ateneu Barcelon\u00e8s. <\/p>\n<p><em>Us oferim <\/em><br \/>\nComissariat, disseny de continguts, selecci\u00f3 de peces, textos d\u2019exposici\u00f3 i del programa de m\u00e0, seguiment del muntatge. <\/p>\n<p><em>On i quan <\/em><br \/>\nAteneu Barcelon\u00e8s, 2008 <\/p>\n<p><em>Client<\/em><br \/>\nInstituci\u00f3 de les Lletres Catalanes (Generalitat de Catalunya) <\/p>\n<p>{tab=3} <img loading=\"lazy\" decoding=\"async\" class=\"alignright size-full wp-image-208\" title=\"\" src=\"http:\/\/www.diptic.nl\/wp-content\/uploads\/2012\/02\/nh_stock_art.jpg\" alt=\"NH Stock Art\" width=\"320\" height=\"240\" srcset=\"https:\/\/www.diptic.nl\/wp-content\/uploads\/2012\/02\/nh_stock_art.jpg 320w, https:\/\/www.diptic.nl\/wp-content\/uploads\/2012\/02\/nh_stock_art-300x225.jpg 300w\" sizes=\"auto, (max-width: 320px) 100vw, 320px\" \/><\/p>\n<p><strong>Titol<\/strong><br \/>\nExposici\u00f3 itinerant <em>NH Stock Art<\/em> <\/p>\n<p><em>Les vostres idees <\/em><br \/>\nCompra d\u2019obra d\u2019artistes holandesos i alemanys per a la col\u00b7lecci\u00f3 d\u2019art de NH Hoteles que s\u2019exhibeix als nous hotels dels Pa\u00efsos Baixos i Alemanya. <\/p>\n<p><em>Us oferim <\/em><br \/>\nSelecci\u00f3 d\u2019artistes holandesos i alemanys, assessorament en la compra d\u2019obra, cr\u00edtics d\u2019art per presentar la exposici\u00f3 itinerant al cat\u00e0leg i a les inauguracions. <\/p>\n<p><em>On i quan <\/em><br \/>\nAmsterdam, Rotterdam i Maastricht, 2003 Frankfurt i Berl\u00edn, 2004 <\/p>\n<p><em>Client<\/em><br \/>\nNH Hoteles (Madrid, Barcelona) <\/p>\n<p>{tab=4} <img loading=\"lazy\" decoding=\"async\" class=\"alignright size-full wp-image-216\" title=\"\" src=\"http:\/\/www.diptic.nl\/wp-content\/uploads\/2012\/02\/sopa_llibres_1.jpg\" alt=\"Sopa de llibres 1\" width=\"320\" height=\"240\" srcset=\"https:\/\/www.diptic.nl\/wp-content\/uploads\/2012\/02\/sopa_llibres_1.jpg 320w, https:\/\/www.diptic.nl\/wp-content\/uploads\/2012\/02\/sopa_llibres_1-300x225.jpg 300w\" sizes=\"auto, (max-width: 320px) 100vw, 320px\" \/><img loading=\"lazy\" decoding=\"async\" class=\"alignright size-full wp-image-217\" title=\"\" src=\"http:\/\/www.diptic.nl\/wp-content\/uploads\/2012\/02\/sopa_llibres_2.jpg\" alt=\"Sopa de llibres 2\" width=\"320\" height=\"240\" srcset=\"https:\/\/www.diptic.nl\/wp-content\/uploads\/2012\/02\/sopa_llibres_2.jpg 320w, https:\/\/www.diptic.nl\/wp-content\/uploads\/2012\/02\/sopa_llibres_2-300x225.jpg 300w\" sizes=\"auto, (max-width: 320px) 100vw, 320px\" \/><\/p>\n<p><strong>Titol<\/strong><br \/>\nExposici\u00f3 itinerant <em>Sopa de Llibres. Lletres, escriptura i textos<\/em> <\/p>\n<p><em>Les vostres idees <\/em><br \/>\nUna exposici\u00f3 itinerant destinada a biblioteques en el marc de 2005 Any del Llibre i la Lectura. <\/p>\n<p><em>Us oferim <\/em><br \/>\nComissariat, disseny de continguts, selecci\u00f3 de peces, textos d\u2019exposici\u00f3 i del programa de m\u00e0, seguiment del muntatge. <\/p>\n<p><em>On i quan <\/em><br \/>\n13 biblioteques a la prov\u00edncia de Barcelona, 2005-2006 <\/p>\n<p><em>Client<\/em><br \/>\nDiputaci\u00f3 de Barcelona, \u00c0rea de Cultura <\/p>\n<p>{tab=5} <img loading=\"lazy\" decoding=\"async\" class=\"alignright size-full wp-image-220\" title=\"\" src=\"http:\/\/www.diptic.nl\/wp-content\/uploads\/2012\/02\/alfabet_1.jpg\" alt=\"The Traces of the Alphabet 1\" width=\"320\" height=\"216\" srcset=\"https:\/\/www.diptic.nl\/wp-content\/uploads\/2012\/02\/alfabet_1.jpg 900w, https:\/\/www.diptic.nl\/wp-content\/uploads\/2012\/02\/alfabet_1-300x202.jpg 300w, https:\/\/www.diptic.nl\/wp-content\/uploads\/2012\/02\/alfabet_1-400x269.jpg 400w\" sizes=\"auto, (max-width: 320px) 100vw, 320px\" \/><img loading=\"lazy\" decoding=\"async\" class=\"alignright size-full wp-image-219\" title=\"\" src=\"http:\/\/www.diptic.nl\/wp-content\/uploads\/2012\/02\/alfabet_2.jpg\" alt=\"The Traces of the Alphabet 2\" width=\"320\" height=\"216\" srcset=\"https:\/\/www.diptic.nl\/wp-content\/uploads\/2012\/02\/alfabet_2.jpg 900w, https:\/\/www.diptic.nl\/wp-content\/uploads\/2012\/02\/alfabet_2-300x202.jpg 300w, https:\/\/www.diptic.nl\/wp-content\/uploads\/2012\/02\/alfabet_2-400x269.jpg 400w\" sizes=\"auto, (max-width: 320px) 100vw, 320px\" \/><img loading=\"lazy\" decoding=\"async\" class=\"alignright size-full wp-image-221\" title=\"\" src=\"http:\/\/www.diptic.nl\/wp-content\/uploads\/2012\/02\/alfabet_3.jpg\" alt=\"The Traces of the Alphabet 3\" width=\"320\" height=\"216\" srcset=\"https:\/\/www.diptic.nl\/wp-content\/uploads\/2012\/02\/alfabet_3.jpg 900w, https:\/\/www.diptic.nl\/wp-content\/uploads\/2012\/02\/alfabet_3-300x202.jpg 300w, https:\/\/www.diptic.nl\/wp-content\/uploads\/2012\/02\/alfabet_3-400x269.jpg 400w\" sizes=\"auto, (max-width: 320px) 100vw, 320px\" \/><\/p>\n<p><strong>Titol<\/strong><br \/>\nExposici\u00f3 itinerant <em>Els rastres de l\u2019alfabet. Escriptura i art <\/em> <\/p>\n<p><em>Les vostres idees <\/em><br \/>\nExposici\u00f3 sobre l\u2019origen de les lletres i del nostre alfabet, segons la proposta elaborada pel museu holand\u00e8s Scryption. Adaptaci\u00f3 del contingut al context hisp\u00e0nic. Posterior adaptaci\u00f3 al context hist\u00f2ric i art\u00edstic de les Illes Balears. <\/p>\n<p><em>Us oferim <\/em><br \/>\nComissariat, disseny de continguts, recerca en museus arqueol\u00f2gics, museus i galeries d\u2019art a diversos pa\u00efsos europeus, selecci\u00f3 de peces, elaboraci\u00f3 del cat\u00e0leg, textos d\u2019exposici\u00f3 i del programa de m\u00e0, seguiment del muntatge. <\/p>\n<p><em>On i quan <\/em><br \/>\nLleida, Tarragona, Girona i Granollers, 1997-1998 9 ciutats a les Balears, 2001-2002 <\/p>\n<p><em>Client<\/em><br \/>\nFundaci\u00f3 \u201cla Caixa\u201d (Barcelona i Mallorca) <\/p>\n<p>{tab=6} <img loading=\"lazy\" decoding=\"async\" class=\"alignright size-full wp-image-262\" title=\"\" src=\"http:\/\/www.diptic.nl\/wp-content\/uploads\/2012\/02\/Bladerdeeg-vullen.jpeg\" alt=\"Bladerdeeg vullen\" width=\"320\" height=\"180\" srcset=\"https:\/\/www.diptic.nl\/wp-content\/uploads\/2012\/02\/Bladerdeeg-vullen.jpeg 320w, https:\/\/www.diptic.nl\/wp-content\/uploads\/2012\/02\/Bladerdeeg-vullen-300x168.jpg 300w\" sizes=\"auto, (max-width: 320px) 100vw, 320px\" \/><img loading=\"lazy\" decoding=\"async\" class=\"alignright size-full wp-image-263\" title=\"borden_bakkeljauw\" src=\"http:\/\/www.diptic.nl\/wp-content\/uploads\/2012\/02\/borden_bakkeljauw.jpg\" alt=\"borden bakkeljauw\" width=\"320\" height=\"180\" srcset=\"https:\/\/www.diptic.nl\/wp-content\/uploads\/2012\/02\/borden_bakkeljauw.jpg 320w, https:\/\/www.diptic.nl\/wp-content\/uploads\/2012\/02\/borden_bakkeljauw-300x168.jpg 300w\" sizes=\"auto, (max-width: 320px) 100vw, 320px\" \/><img loading=\"lazy\" decoding=\"async\" class=\"alignright size-full wp-image-264\" title=\"\" src=\"http:\/\/www.diptic.nl\/wp-content\/uploads\/2012\/02\/sate_maken2.jpg\" alt=\"Sate maken\" width=\"320\" height=\"180\" srcset=\"https:\/\/www.diptic.nl\/wp-content\/uploads\/2012\/02\/sate_maken2.jpg 320w, https:\/\/www.diptic.nl\/wp-content\/uploads\/2012\/02\/sate_maken2-300x168.jpg 300w\" sizes=\"auto, (max-width: 320px) 100vw, 320px\" \/><\/p>\n<p><strong>Titol<\/strong><br \/>\nTaller de cuina <em>Kashba culinair<\/em> <\/p>\n<p><em>Les vostres idees <\/em><br \/>\nActivitats de socialitzaci\u00f3 i educaci\u00f3 permanent relacionades amb la cuina de comunitats locals culturalment diverses. <\/p>\n<p><em>Us oferim <\/em><br \/>\nDisseny de continguts, coordinaci\u00f3 i recerca de talents. <\/p>\n<p><em>On i quan <\/em><br \/>\n6 tallers al restaurant Blend i a l\u2019estudi De Culinaire Affaire, Tilburg (NL), 2011 <\/p>\n<p><em>Client<\/em><br \/>\nRestaurant Blend, Consell d\u2019Acollida de Refugiats <\/p>\n<p>{tab=7} <img loading=\"lazy\" decoding=\"async\" class=\"alignright size-full wp-image-222\" title=\"\" src=\"http:\/\/www.diptic.nl\/wp-content\/uploads\/2012\/02\/boca_llena_1.jpg\" alt=\"Hablar con la boca llena 1\" width=\"320\" height=\"213\" srcset=\"https:\/\/www.diptic.nl\/wp-content\/uploads\/2012\/02\/boca_llena_1.jpg 320w, https:\/\/www.diptic.nl\/wp-content\/uploads\/2012\/02\/boca_llena_1-300x199.jpg 300w\" sizes=\"auto, (max-width: 320px) 100vw, 320px\" \/><img loading=\"lazy\" decoding=\"async\" class=\"alignright size-full wp-image-223\" title=\"\" src=\"http:\/\/www.diptic.nl\/wp-content\/uploads\/2012\/02\/boca_llena_2.jpg\" alt=\"Hablar con la boca llena 2\" width=\"320\" height=\"240\" srcset=\"https:\/\/www.diptic.nl\/wp-content\/uploads\/2012\/02\/boca_llena_2.jpg 320w, https:\/\/www.diptic.nl\/wp-content\/uploads\/2012\/02\/boca_llena_2-300x225.jpg 300w\" sizes=\"auto, (max-width: 320px) 100vw, 320px\" \/><\/p>\n<p><strong>Titol<\/strong><br \/>\nIntercanvi escolar <em>Hablar con la boca llena<\/em> <\/p>\n<p><em>Les vostres idees <\/em><br \/>\nUna activitat infantil per promoure la cultura espanyola als Pa\u00efsos Baixos. <\/p>\n<p><em>Us oferim <\/em><br \/>\nSelecci\u00f3 de socis d\u2019ambd\u00f3s pa\u00efsos, coordinaci\u00f3 del projecte, disseny de continguts per l\u2019intercanvi f\u00edsic i virtual al voltant dels h\u00e0bits alimentaris i l\u2019aprenentatge de l\u2019espanyol. <\/p>\n<p><em>On i quan <\/em><br \/>\n2 escoles de prim\u00e0ria a Tilburg i Matadepera, 2007 Instituto Cervantes a Utrecht (NL), 2008 <\/p>\n<p><em>Client<\/em><br \/>\nAmbaixada espanyola a La Haia, Diputaci\u00f3 de Barcelona, Instituto Cervantes <\/p>\n<p>{tab=8} <img loading=\"lazy\" decoding=\"async\" class=\"alignright size-full wp-image-224\" title=\"\" src=\"http:\/\/www.diptic.nl\/wp-content\/uploads\/2012\/02\/handen_1.jpg\" alt=\"Met handen en voeten 1\" width=\"320\" height=\"240\" srcset=\"https:\/\/www.diptic.nl\/wp-content\/uploads\/2012\/02\/handen_1.jpg 320w, https:\/\/www.diptic.nl\/wp-content\/uploads\/2012\/02\/handen_1-300x225.jpg 300w\" sizes=\"auto, (max-width: 320px) 100vw, 320px\" \/><img loading=\"lazy\" decoding=\"async\" class=\"alignright size-full wp-image-225\" title=\"\" src=\"http:\/\/www.diptic.nl\/wp-content\/uploads\/2012\/02\/handen_2.jpg\" alt=\"Met handen en voeten 2\" width=\"320\" height=\"240\" srcset=\"https:\/\/www.diptic.nl\/wp-content\/uploads\/2012\/02\/handen_2.jpg 320w, https:\/\/www.diptic.nl\/wp-content\/uploads\/2012\/02\/handen_2-300x225.jpg 300w\" sizes=\"auto, (max-width: 320px) 100vw, 320px\" \/><\/p>\n<p><strong>Titol<\/strong><br \/>\nNarradors multiling\u00fces <em>Entendre\u2019s amb gestos<\/em> <\/p>\n<p><em>Les vostres idees <\/em><br \/>\nActivitat complement\u00e0ria a l\u2019exposici\u00f3 itinerant sobre la sala d\u2019estar dels immigrants. <\/p>\n<p><em>Us oferim <\/em><br \/>\nDisseny de continguts, gui\u00f3 per als narradors en \u00e0rab, somal\u00ed, papiament i neerland\u00e8s, coordinaci\u00f3 i recerca de narradors no professionals. <\/p>\n<p><em>On i quan<\/em><br \/>\nBiblioteca p\u00fablica de Tilburg, 2007 <\/p>\n<p><em> Client<\/em><br \/>\nBiblioteca p\u00fablica de Tilburg <\/p>\n<p>{tab=9} <img loading=\"lazy\" decoding=\"async\" class=\"alignright size-full wp-image-226\" title=\"\" src=\"http:\/\/www.diptic.nl\/wp-content\/uploads\/2012\/02\/tilburg_1.jpg\" alt=\"Elfstedentocht in Tilburg 1\" width=\"320\" height=\"240\" srcset=\"https:\/\/www.diptic.nl\/wp-content\/uploads\/2012\/02\/tilburg_1.jpg 320w, https:\/\/www.diptic.nl\/wp-content\/uploads\/2012\/02\/tilburg_1-300x225.jpg 300w\" sizes=\"auto, (max-width: 320px) 100vw, 320px\" \/><img loading=\"lazy\" decoding=\"async\" class=\"alignright size-full wp-image-227\" title=\"\" src=\"http:\/\/www.diptic.nl\/wp-content\/uploads\/2012\/02\/tilburg_2.jpg\" alt=\"Elfstedentocht in Tilburg 2\" width=\"320\" height=\"240\" srcset=\"https:\/\/www.diptic.nl\/wp-content\/uploads\/2012\/02\/tilburg_2.jpg 320w, https:\/\/www.diptic.nl\/wp-content\/uploads\/2012\/02\/tilburg_2-300x225.jpg 300w\" sizes=\"auto, (max-width: 320px) 100vw, 320px\" \/><img loading=\"lazy\" decoding=\"async\" class=\"alignright size-full wp-image-228\" title=\"\" src=\"http:\/\/www.diptic.nl\/wp-content\/uploads\/2012\/02\/tilburg_3.jpg\" alt=\"Elfstedentocht in Tilburg 3\" width=\"320\" height=\"213\" srcset=\"https:\/\/www.diptic.nl\/wp-content\/uploads\/2012\/02\/tilburg_3.jpg 320w, https:\/\/www.diptic.nl\/wp-content\/uploads\/2012\/02\/tilburg_3-300x199.jpg 300w\" sizes=\"auto, (max-width: 320px) 100vw, 320px\" \/><\/p>\n<p><strong>Titol<\/strong><br \/>\nPassejada a la ciutat <em>Elfstedentocht in Tilburg <\/em> <\/p>\n<p><em>Les vostres idees <\/em><br \/>\nEstimular el contacte amb les comunitats locals culturalment diverses. <\/p>\n<p><em>Us oferim <\/em><br \/>\nDisseny de continguts, ruta amb visites a edificis p\u00fablics i privats, coordinaci\u00f3 i recerca de participants. <\/p>\n<p><em>On i quan <\/em><br \/>\nDiverses passejades a la ciutat de Tilburg (NL), 2007-2008 <\/p>\n<p><em>Client<\/em><br \/>\nConsell d\u2019Acollida de Refugiats <\/p>\n<p>{tab=10} <img loading=\"lazy\" decoding=\"async\" class=\"alignright size-full wp-image-229\" title=\"\" src=\"http:\/\/www.diptic.nl\/wp-content\/uploads\/2012\/02\/medea_1.jpg\" alt=\"Mamma Medea 1\" width=\"320\" height=\"427\" srcset=\"https:\/\/www.diptic.nl\/wp-content\/uploads\/2012\/02\/medea_1.jpg 360w, https:\/\/www.diptic.nl\/wp-content\/uploads\/2012\/02\/medea_1-225x300.jpg 225w\" sizes=\"auto, (max-width: 320px) 100vw, 320px\" \/><img loading=\"lazy\" decoding=\"async\" class=\"alignright size-full wp-image-230\" title=\"\" src=\"http:\/\/www.diptic.nl\/wp-content\/uploads\/2012\/02\/medea_2.jpg\" alt=\"Mamma Medea 2\" width=\"320\" height=\"240\" srcset=\"https:\/\/www.diptic.nl\/wp-content\/uploads\/2012\/02\/medea_2.jpg 640w, https:\/\/www.diptic.nl\/wp-content\/uploads\/2012\/02\/medea_2-300x225.jpg 300w, https:\/\/www.diptic.nl\/wp-content\/uploads\/2012\/02\/medea_2-400x300.jpg 400w\" sizes=\"auto, (max-width: 320px) 100vw, 320px\" \/><\/p>\n<p><strong>Titol<\/strong><br \/>\nProducci\u00f3 teatral de l\u2019obra <em>Mamma Medea<\/em> de Tom Lanoye <\/p>\n<p><em>Les vostres idees <\/em><br \/>\nTraducci\u00f3 de l\u2019obra <\/p>\n<p><em>Us oferim <\/em><br \/>\nTraducci\u00f3 catalana de l\u2019original flamenc <\/p>\n<p><em>On i quan <\/em><br \/>\nTeatre Romea, Barcelona, 2008-2009 <\/p>\n<p><em>Client<\/em><br \/>\nScenic Rights <\/p>\n<p>{\/tabs}<\/p>","protected":false},"excerpt":{"rendered":"<p>{tab=1} Titol Talk show Kashba Les vostres idees Acostar p\u00fablics culturalment diversos i estimular la integraci\u00f3 social dels participants. Us oferim Disseny de continguts, coordinaci\u00f3 i recerca de talents per a un talk show amb m\u00fasica en directe, entrevistes, cuina i demostracions. On i quan Tilburg (NL) 12 programes al club de jazz Paradox, 2009-2011&#8230; <a style='font-weight:bold; color:#7C1E40;' href=\"https:\/\/www.diptic.nl\/ca\/events-2\/\"> &rarr; Continueu llegint<\/a><\/p>\n","protected":false},"author":2,"featured_media":0,"parent":0,"menu_order":0,"comment_status":"open","ping_status":"closed","template":"","meta":{"footnotes":""},"class_list":["post-35","page","type-page","status-publish","hentry"],"_links":{"self":[{"href":"https:\/\/www.diptic.nl\/ca\/wp-json\/wp\/v2\/pages\/35","targetHints":{"allow":["GET"]}}],"collection":[{"href":"https:\/\/www.diptic.nl\/ca\/wp-json\/wp\/v2\/pages"}],"about":[{"href":"https:\/\/www.diptic.nl\/ca\/wp-json\/wp\/v2\/types\/page"}],"author":[{"embeddable":true,"href":"https:\/\/www.diptic.nl\/ca\/wp-json\/wp\/v2\/users\/2"}],"replies":[{"embeddable":true,"href":"https:\/\/www.diptic.nl\/ca\/wp-json\/wp\/v2\/comments?post=35"}],"version-history":[{"count":57,"href":"https:\/\/www.diptic.nl\/ca\/wp-json\/wp\/v2\/pages\/35\/revisions"}],"predecessor-version":[{"id":573,"href":"https:\/\/www.diptic.nl\/ca\/wp-json\/wp\/v2\/pages\/35\/revisions\/573"}],"wp:attachment":[{"href":"https:\/\/www.diptic.nl\/ca\/wp-json\/wp\/v2\/media?parent=35"}],"curies":[{"name":"wp","href":"https:\/\/api.w.org\/{rel}","templated":true}]}}