{"id":27,"date":"2012-02-08T15:54:14","date_gmt":"2012-02-08T15:54:14","guid":{"rendered":"http:\/\/www.diptic.nl\/?page_id=27"},"modified":"2013-07-14T11:05:09","modified_gmt":"2013-07-14T11:05:09","slug":"your-ideas-2","status":"publish","type":"page","link":"https:\/\/www.diptic.nl\/ca\/your-ideas-2\/","title":{"rendered":"Les vostres idees"},"content":{"rendered":"<p><\/p>\n<blockquote><p>\u201cEl 2011 vaig proposar al Ferran que s\u2019incorpor\u00e9s al nostre equip com a gestor cultural. Ell mateix es va fixar els objectius: \u2018estimular membres de comunitats locals a participar en esdeveniments en els quals s\u2019hi reconeguin actors i p\u00fablics culturalment diversos.\u2019 El Ferran hi treballa de gust, aqu\u00ed. \u00c9s un home creatiu i cr\u00edtic, disposat a col\u00b7laborar. Sempre busca la manera de millorar.\u201d<\/p><\/blockquote>\n<p><span class=\"alignright\">J\u00fcrgen Jansen, director Huis van de Wereld (NL)<\/span><br \/>\n&nbsp;<\/p>\n<blockquote><p>\u201cBusc\u00e0vem un director de projectes que s\u2019ocup\u00e9s del nou programa d\u2019activitats socials <em>Meet &amp; (Gr)eat<\/em>. Es tracta d\u2019un programa amb un pressupost de \u20ac 200.000,- que el 2009-2010 vam finan\u00e7ar amb fons europeus i provincials. El Ferran va co-dirigir el projecte des dels seus inicis. Ens va sorprendre la creativitat amb qu\u00e8 va desenvolupar i organitzar activitats, sempre dins de les possibilitats pressupost\u00e0ries. L\u2019\u00e8xit del programa ens ha perm\u00e8s continuar un any m\u00e9s, ara sota el nom de <em>Third Space<\/em>, amb finan\u00e7ament provincial I local\u201d.<\/p><\/blockquote>\n<p><span class=\"alignright\">Marieke Sarton, senior policy manager SNV Brabant Centraal (NL) <\/span><br \/>\n&nbsp;<\/p>\n<blockquote><p>\u201cEl 2007 vol\u00edem celebrar el 50\u00e8 aniversari del <em>Premi Lletra d\u2019Or<\/em> amb una exposici\u00f3. Amb un pressupost modest vam encarregar a D\u00edptic una exposici\u00f3 per un espai semip\u00fablic, l\u2019entrada de carruatges de l\u2019Ateneu Barcelon\u00e8s. El Ferran ens va presentar una proposta inspirada en els aparadors de les llibreries que hi ha a tocar de l\u2019Ateneu. Els passavolants que anaven de compres i els usuaris dels serveis de l\u2019Ateneu es trobaven amb l\u2019aparador d\u2019una llibreria nova a l\u2019entrada d\u2019aquest palau del segle XVIII. Recordo especialment el programa de m\u00e0 de l\u2019exposici\u00f3, pensat per poder folrar un llibre de butxaca.\u201c<\/p><\/blockquote>\n<p><span class=\"alignright\">Enric Gom\u00e0, escriptor i guionista, secretari del jurat <\/span><br \/>\n&nbsp;<\/p>\n<blockquote><p>\u201cAls nostres parcs naturals hi ha productors agr\u00edcoles i restaurants on hi portem les escoles quan tractem la dieta i la cuina amb productes locals saludables. Parlant amb D\u00edptic ens vam adonar que el programa El <em>parc a taula<\/em> es podia extrapolar a h\u00e0bits alimentaris d\u2019altres pa\u00efsos. El 2007 D\u00edptic ens va presentar els seus contactes holandesos i, amb el suport de l\u2019ambaixada espanyola a La Haia, va coordinar l\u2019intercanvi entre una escola ubicada al parc natural de Sant Lloren\u00e7 i una escola del Brabant holand\u00e8s. El projecte, batejat amb el t\u00edtol <em>Hablar con la boca llena<\/em>, va adquirir una nova dimensi\u00f3 al combinar h\u00e0bits alimentaris i l\u2019aprenentatge de l\u2019espanyol. Alumnes i mestres de les dues escoles van treballar de valent per arribar a la cloenda amb la video-confer\u00e8ncia. Tothom va quedar molt satisfet del nivell de castell\u00e0 que, en un parell de mesos, havien assolit els nanos holandesos.\u201d<\/p><\/blockquote>\n<p><span class=\"alignright\">Ramon Espinach, cap de l\u2019oficina t\u00e8cnica dels Parcs Naturals, Diputaci\u00f3 de Barcelona <\/span><br \/>\n&nbsp;<\/p>\n<blockquote><p>\u201cL\u2019any 1996 el Ferran em va parlar d\u2019una exposici\u00f3 sobre l\u2019origen de l\u2019escriptura i la hist\u00f2ria de l\u2019alfabet produ\u00efda pel museu holand\u00e8s Scryption. El t\u00edtol ens va encantar: <em>La A \u00e9s una vaca (de cap per avall)<\/em>, tot i que despr\u00e9s el vam canviar per <em>Els rastres de l\u2019alfabet. Escriptura i art.<\/em> El Ferran i el director del museu holand\u00e8s van comissariar la nova exposici\u00f3 i en van adaptar el contingut al context hisp\u00e0nic. La recerca en museus arqueol\u00f2gics, museus d\u2019art, galeries i col\u00b7leccions particulars ens va portar per diversos pa\u00efsos d\u2019Europa.\u201d<\/p><\/blockquote>\n<p><span class=\"alignright\">Merc\u00e8 Freixenet, directora Caixaforum Lleida <\/span><\/p>","protected":false},"excerpt":{"rendered":"<p>\u201cEl 2011 vaig proposar al Ferran que s\u2019incorpor\u00e9s al nostre equip com a gestor cultural. Ell mateix es va fixar els objectius: \u2018estimular membres de comunitats locals a participar en esdeveniments en els quals s\u2019hi reconeguin actors i p\u00fablics culturalment diversos.\u2019 El Ferran hi treballa de gust, aqu\u00ed. \u00c9s un home creatiu i cr\u00edtic, disposat&#8230; <a style='font-weight:bold; color:#7C1E40;' href=\"https:\/\/www.diptic.nl\/ca\/your-ideas-2\/\"> &rarr; Continueu llegint<\/a><\/p>\n","protected":false},"author":2,"featured_media":0,"parent":0,"menu_order":0,"comment_status":"open","ping_status":"closed","template":"","meta":{"footnotes":""},"class_list":["post-27","page","type-page","status-publish","hentry"],"_links":{"self":[{"href":"https:\/\/www.diptic.nl\/ca\/wp-json\/wp\/v2\/pages\/27","targetHints":{"allow":["GET"]}}],"collection":[{"href":"https:\/\/www.diptic.nl\/ca\/wp-json\/wp\/v2\/pages"}],"about":[{"href":"https:\/\/www.diptic.nl\/ca\/wp-json\/wp\/v2\/types\/page"}],"author":[{"embeddable":true,"href":"https:\/\/www.diptic.nl\/ca\/wp-json\/wp\/v2\/users\/2"}],"replies":[{"embeddable":true,"href":"https:\/\/www.diptic.nl\/ca\/wp-json\/wp\/v2\/comments?post=27"}],"version-history":[{"count":39,"href":"https:\/\/www.diptic.nl\/ca\/wp-json\/wp\/v2\/pages\/27\/revisions"}],"predecessor-version":[{"id":40,"href":"https:\/\/www.diptic.nl\/ca\/wp-json\/wp\/v2\/pages\/27\/revisions\/40"}],"wp:attachment":[{"href":"https:\/\/www.diptic.nl\/ca\/wp-json\/wp\/v2\/media?parent=27"}],"curies":[{"name":"wp","href":"https:\/\/api.w.org\/{rel}","templated":true}]}}